{"id":555,"date":"2026-02-16T13:23:23","date_gmt":"2026-02-16T13:23:23","guid":{"rendered":"https:\/\/staging.pyrotech4all.nl\/?page_id=555"},"modified":"2026-03-13T13:52:29","modified_gmt":"2026-03-13T13:52:29","slug":"uber","status":"publish","type":"page","link":"https:\/\/pyrotech4all.nl\/de\/about\/","title":{"rendered":"\u00dcber uns"},"content":{"rendered":"<div data-elementor-type=\"wp-page\" data-elementor-id=\"555\" class=\"elementor elementor-555\" data-elementor-post-type=\"page\">\n\t\t\t\t<div class=\"elementor-element elementor-element-23a154de e-flex e-con-boxed e-con e-parent\" data-id=\"23a154de\" data-element_type=\"container\" data-e-type=\"container\">\n\t\t\t\t\t<div class=\"e-con-inner\">\n\t\t<div class=\"elementor-element elementor-element-127970d3 e-con-full e-flex e-con e-child\" data-id=\"127970d3\" data-element_type=\"container\" data-e-type=\"container\">\n\t\t\t\t<div class=\"elementor-element elementor-element-6870377f elementor-widget elementor-widget-image\" data-id=\"6870377f\" data-element_type=\"widget\" data-e-type=\"widget\" data-widget_type=\"image.default\">\n\t\t\t\t\t\t\t\t\t\t\t\t\t\t\t<img fetchpriority=\"high\" decoding=\"async\" width=\"1290\" height=\"1833\" src=\"https:\/\/pyrotech4all.nl\/wp-content\/uploads\/2026\/03\/IMG_5700.jpeg\" class=\"attachment-full size-full wp-image-1003\" alt=\"\" srcset=\"https:\/\/pyrotech4all.nl\/wp-content\/uploads\/2026\/03\/IMG_5700.jpeg 1290w, https:\/\/pyrotech4all.nl\/wp-content\/uploads\/2026\/03\/IMG_5700-211x300.jpeg 211w, https:\/\/pyrotech4all.nl\/wp-content\/uploads\/2026\/03\/IMG_5700-721x1024.jpeg 721w, https:\/\/pyrotech4all.nl\/wp-content\/uploads\/2026\/03\/IMG_5700-768x1091.jpeg 768w, https:\/\/pyrotech4all.nl\/wp-content\/uploads\/2026\/03\/IMG_5700-1081x1536.jpeg 1081w, https:\/\/pyrotech4all.nl\/wp-content\/uploads\/2026\/03\/IMG_5700-8x12.jpeg 8w\" sizes=\"(max-width: 1290px) 100vw, 1290px\" \/>\t\t\t\t\t\t\t\t\t\t\t\t\t\t\t<\/div>\n\t\t\t\t<\/div>\n\t\t<div class=\"elementor-element elementor-element-73675487 e-con-full e-flex e-con e-child\" data-id=\"73675487\" data-element_type=\"container\" data-e-type=\"container\">\n\t\t\t\t<div class=\"elementor-element elementor-element-78153f89 elementor-widget elementor-widget-heading\" data-id=\"78153f89\" data-element_type=\"widget\" data-e-type=\"widget\" data-widget_type=\"heading.default\">\n\t\t\t\t\t<h3 class=\"elementor-heading-title elementor-size-default\">Der Sch\u00f6pfer der Show<\/h3>\t\t\t\t<\/div>\n\t\t\t\t<div class=\"elementor-element elementor-element-6ac7b1ea elementor-widget elementor-widget-heading\" data-id=\"6ac7b1ea\" data-element_type=\"widget\" data-e-type=\"widget\" data-widget_type=\"heading.default\">\n\t\t\t\t\t<h1 class=\"elementor-heading-title elementor-size-default\">Silvia Blankenburgh<\/h1>\t\t\t\t<\/div>\n\t\t\t\t<div class=\"elementor-element elementor-element-22250953 elementor-widget elementor-widget-text-editor\" data-id=\"22250953\" data-element_type=\"widget\" data-e-type=\"widget\" data-widget_type=\"text-editor.default\">\n\t\t\t\t\t\t\t\t\t<p>Mit Leidenschaft und Fachwissen l\u00e4sst dieser Pyrotechniker jede Show erstrahlen \u2013 im wahrsten Sinne des Wortes.<\/p>\t\t\t\t\t\t\t\t<\/div>\n\t\t\t\t<\/div>\n\t\t\t\t\t<\/div>\n\t\t\t\t<\/div>\n\t\t<div class=\"elementor-element elementor-element-506ddc35 e-flex e-con-boxed e-con e-parent\" data-id=\"506ddc35\" data-element_type=\"container\" data-e-type=\"container\">\n\t\t\t\t\t<div class=\"e-con-inner\">\n\t\t<div class=\"elementor-element elementor-element-f9c4594 e-con-full e-flex e-con e-child\" data-id=\"f9c4594\" data-element_type=\"container\" data-e-type=\"container\">\n\t\t\t\t<div class=\"elementor-element elementor-element-515b7a5b elementor-widget elementor-widget-heading\" data-id=\"515b7a5b\" data-element_type=\"widget\" data-e-type=\"widget\" data-widget_type=\"heading.default\">\n\t\t\t\t\t<h3 class=\"elementor-heading-title elementor-size-default\">\u00dcber Pyrotech4all<\/h3>\t\t\t\t<\/div>\n\t\t\t\t<div class=\"elementor-element elementor-element-3036860d elementor-widget elementor-widget-heading\" data-id=\"3036860d\" data-element_type=\"widget\" data-e-type=\"widget\" data-widget_type=\"heading.default\">\n\t\t\t\t\t<h2 class=\"elementor-heading-title elementor-size-default\">Pyrotech4all steht unter der pers\u00f6nlichen Leitung von Silvia Blankenburgh.<\/h2>\t\t\t\t<\/div>\n\t\t\t\t<div class=\"elementor-element elementor-element-111dc0c1 elementor-widget elementor-widget-text-editor\" data-id=\"111dc0c1\" data-element_type=\"widget\" data-e-type=\"widget\" data-widget_type=\"text-editor.default\">\n\t\t\t\t\t\t\t\t\t<p>Eine erfahrene und zertifizierte Pyrotechnikerin mit mehr als 20 Jahren praktischer Erfahrung im In- und Ausland. Sie ist Inhaberin der Zertifikate PSE (Pyrotechnische Spezialeffekte) und GV (Gro\u00dffeuerwerk) und verbindet technische Pr\u00e4zision mit Kreativit\u00e4t und Sicherheit auf h\u00f6chstem Niveau.<\/p>\t\t\t\t\t\t\t\t<\/div>\n\t\t\t\t<\/div>\n\t\t<div class=\"elementor-element elementor-element-33719767 e-con-full e-flex e-con e-child\" data-id=\"33719767\" data-element_type=\"container\" data-e-type=\"container\">\n\t\t\t\t<div class=\"elementor-element elementor-element-563aca30 elementor-widget elementor-widget-image\" data-id=\"563aca30\" data-element_type=\"widget\" data-e-type=\"widget\" data-widget_type=\"image.default\">\n\t\t\t\t\t\t\t\t\t\t\t\t\t\t\t<img decoding=\"async\" width=\"682\" height=\"682\" src=\"https:\/\/pyrotech4all.nl\/wp-content\/uploads\/2026\/02\/299608814_5650991021599321_5933625529602957813_n.jpg\" class=\"attachment-full size-full wp-image-332\" alt=\"\" srcset=\"https:\/\/pyrotech4all.nl\/wp-content\/uploads\/2026\/02\/299608814_5650991021599321_5933625529602957813_n.jpg 682w, https:\/\/pyrotech4all.nl\/wp-content\/uploads\/2026\/02\/299608814_5650991021599321_5933625529602957813_n-300x300.jpg 300w, https:\/\/pyrotech4all.nl\/wp-content\/uploads\/2026\/02\/299608814_5650991021599321_5933625529602957813_n-150x150.jpg 150w\" sizes=\"(max-width: 682px) 100vw, 682px\" \/>\t\t\t\t\t\t\t\t\t\t\t\t\t\t\t<\/div>\n\t\t\t\t<\/div>\n\t\t\t\t\t<\/div>\n\t\t\t\t<\/div>\n\t\t\t\t<\/div>","protected":false},"excerpt":{"rendered":"<p>De bedenker achter de show Silvia Blankenburgh Gedreven door passie en vakmanschap laat deze pyrotechnicus elke show letterlijk en figuurlijk schitteren. Over Pyrotech4all Pyrotech4all staat onder persoonlijke leiding Silvia Blankenburgh. Een ervaren en gecertificeerd pyrotechnicus met meer dan 20 jaar praktijkervaring in binnen- en buitenland. Als houdster van de certificaten PSE (Pyrotechnische Speciale Effecten) en [&hellip;]<\/p>\n","protected":false},"author":1,"featured_media":560,"parent":0,"menu_order":0,"comment_status":"closed","ping_status":"closed","template":"elementor_header_footer","meta":{"footnotes":""},"class_list":["post-555","page","type-page","status-publish","has-post-thumbnail","hentry"],"_links":{"self":[{"href":"https:\/\/pyrotech4all.nl\/de\/wp-json\/wp\/v2\/pages\/555","targetHints":{"allow":["GET"]}}],"collection":[{"href":"https:\/\/pyrotech4all.nl\/de\/wp-json\/wp\/v2\/pages"}],"about":[{"href":"https:\/\/pyrotech4all.nl\/de\/wp-json\/wp\/v2\/types\/page"}],"author":[{"embeddable":true,"href":"https:\/\/pyrotech4all.nl\/de\/wp-json\/wp\/v2\/users\/1"}],"replies":[{"embeddable":true,"href":"https:\/\/pyrotech4all.nl\/de\/wp-json\/wp\/v2\/comments?post=555"}],"version-history":[{"count":43,"href":"https:\/\/pyrotech4all.nl\/de\/wp-json\/wp\/v2\/pages\/555\/revisions"}],"predecessor-version":[{"id":1108,"href":"https:\/\/pyrotech4all.nl\/de\/wp-json\/wp\/v2\/pages\/555\/revisions\/1108"}],"wp:featuredmedia":[{"embeddable":true,"href":"https:\/\/pyrotech4all.nl\/de\/wp-json\/wp\/v2\/media\/560"}],"wp:attachment":[{"href":"https:\/\/pyrotech4all.nl\/de\/wp-json\/wp\/v2\/media?parent=555"}],"curies":[{"name":"wp","href":"https:\/\/api.w.org\/{rel}","templated":true}]}}